{"id":135,"date":"2020-09-21T11:41:06","date_gmt":"2020-09-21T16:41:06","guid":{"rendered":"https:\/\/ramirezeduardo.com\/?page_id=135"},"modified":"2025-03-02T18:25:16","modified_gmt":"2025-03-02T23:25:16","slug":"novedades","status":"publish","type":"page","link":"https:\/\/ramirezeduardo.com\/?page_id=135","title":{"rendered":"Novedades"},"content":{"rendered":"\t\t<div data-elementor-type=\"wp-page\" data-elementor-id=\"135\" class=\"elementor elementor-135\" data-elementor-post-type=\"page\">\n\t\t\t\t<div class=\"elementor-element elementor-element-c24c8e1 e-con-full e-flex e-con e-parent\" data-id=\"c24c8e1\" data-element_type=\"container\">\n\t\t<div class=\"elementor-element elementor-element-17f6f65 e-con-full e-flex e-con e-child\" data-id=\"17f6f65\" data-element_type=\"container\">\n\t\t\t\t<div class=\"elementor-element elementor-element-fdbe325 aux-appear-watch-animation aux-fade-in-up-1 elementor-widget elementor-widget-aux_simple_svg\" data-id=\"fdbe325\" data-element_type=\"widget\" data-widget_type=\"aux_simple_svg.default\">\n\t\t\t\t<div class=\"elementor-widget-container\">\n\t\t\t\t\t    <div class=\"aux-widget-container aux-simple-svg-container\">\n        <div class=\"aux-widget-container-inner\">\n            <div class=\"aux-the-svg\"><img decoding=\"async\" src=\"https:\/\/ramirezeduardo.com\/wp-content\/uploads\/2020\/09\/background.svg\" title=\"demo-attachment-1600-background\" alt=\"demo-attachment-1600-background\" loading=\"lazy\" \/><\/div>\n        <\/div>\n    <\/div>\n    \t\t\t\t<\/div>\n\t\t\t\t<\/div>\n\t\t\t\t<\/div>\n\t\t\t\t<\/div>\n\t\t<div class=\"elementor-element elementor-element-deb9772 e-flex e-con-boxed e-con e-parent\" data-id=\"deb9772\" data-element_type=\"container\">\n\t\t\t\t\t<div class=\"e-con-inner\">\n\t\t<div class=\"elementor-element elementor-element-f2ff722 e-con-full e-flex e-con e-child\" data-id=\"f2ff722\" data-element_type=\"container\">\n\t\t\t\t<div class=\"aux-scroll-anim elementor-element elementor-element-1b72d46 elementor-widget__width-auto elementor-widget elementor-widget-aux_image\" data-move-in=\"moveHorizontal\" data-move-out=\"moveHorizontal\" data-axis-x=\"30\" data-axis-y=\"200\" data-rotate=\"90\" data-scale=\"1\" data-vp-top=\"0.5\" data-vp-bot=\"0.5\" data-el-top=\"0.2\" data-scroll-animation-off=\"1024\" data-id=\"1b72d46\" data-element_type=\"widget\" data-widget_type=\"aux_image.default\">\n\t\t\t\t<div class=\"elementor-widget-container\">\n\t\t\t\t\t<section class=\"widget-container aux-widget-image aux-alignnone aux-parent-au67fe7993\">\n    <div class=\"aux-media-hint-frame \">\n        <div class=\"aux-media-image \" >\n        \n            \n\n            \n            <img fetchpriority=\"high\" decoding=\"async\" width=\"693\" height=\"626\" src=\"https:\/\/ramirezeduardo.com\/wp-content\/uploads\/2025\/03\/libro-portada.png\" class=\"aux-attachment aux-featured-image aux-attachment-id-553\" alt=\"libro portada\" data-ratio=\"1.11\" data-original-w=\"693\" \/>            \n                <\/div>\n    <\/div>\n\n<\/section><!-- widget-container -->\t\t\t\t<\/div>\n\t\t\t\t<\/div>\n\t\t\t\t<div class=\"elementor-element elementor-element-209adb9 elementor-widget__width-auto aux-appear-watch-animation aux-slide-from-left elementor-widget elementor-widget-aux_modern_heading\" data-id=\"209adb9\" data-element_type=\"widget\" data-widget_type=\"aux_modern_heading.default\">\n\t\t\t\t<div class=\"elementor-widget-container\">\n\t\t\t\t\t<section class=\"aux-widget-modern-heading\">\n            <div class=\"aux-widget-inner\"><h2 class=\"aux-modern-heading-primary\">El Amor Sana<\/h2><div class=\"aux-modern-heading-description\"><p><strong>Un Testimonio de Fe y Transformaci\u00f3n<\/strong><\/p><\/div><\/div>\n        <\/section>\t\t\t\t<\/div>\n\t\t\t\t<\/div>\n\t\t\t\t<\/div>\n\t\t<div class=\"elementor-element elementor-element-bb95470 e-con-full e-flex e-con e-child\" data-id=\"bb95470\" data-element_type=\"container\">\n\t\t\t\t<div class=\"elementor-element elementor-element-0244ab3 aux-appear-watch-animation aux-fade-in elementor-widget elementor-widget-aux_modern_heading\" data-id=\"0244ab3\" data-element_type=\"widget\" data-widget_type=\"aux_modern_heading.default\">\n\t\t\t\t<div class=\"elementor-widget-container\">\n\t\t\t\t\t<section class=\"aux-widget-modern-heading\">\n            <div class=\"aux-widget-inner\"><h2 class=\"aux-modern-heading-primary\">Libro<\/h2><h3 class=\"aux-modern-heading-secondary\"><span class=\"aux-head-highlight\">\"El Amor Sana\": Un Testimonio de Fe y Transformaci\u00f3n<\/span><\/h3><div class=\"aux-modern-heading-description\"><p>A lo largo de mi vida, he experimentado el poder sanador del amor de Dios en todas sus formas: en la restauraci\u00f3n f\u00edsica, en la sanaci\u00f3n de heridas emocionales y en la paz que solo la fe puede brindar. <strong>El Amor Sana<\/strong> es m\u00e1s que un libro; es mi testimonio personal de c\u00f3mo el amor divino puede transformar el dolor en prop\u00f3sito y la incertidumbre en esperanza. A trav\u00e9s de estas p\u00e1ginas, comparto mi historia, experiencias impactantes y testimonios reales de personas que han encontrado sanaci\u00f3n y renovaci\u00f3n mediante la terapia cristiana, despu\u00e9s de a\u00f1os de lucha con sus miedos, angustias y desaf\u00edos personales.<\/p><p>Con m\u00e1s de 30 a\u00f1os de trabajo en empresas y comunidades de Colombia y Estados Unidos, he visto c\u00f3mo la fe, cuando se convierte en acci\u00f3n, puede cambiar vidas. Este libro, que ser\u00e1 publicado en junio de 2025, es una invitaci\u00f3n a quienes buscan respuestas, consuelo y un camino hacia la verdadera paz interior. Mi deseo es que cada palabra sea un reflejo del amor sanador de Dios y una gu\u00eda para quienes anhelan restaurar su coraz\u00f3n y encontrar sentido en cada etapa de su vida.<\/p><\/div><\/div>\n        <\/section>\t\t\t\t<\/div>\n\t\t\t\t<\/div>\n\t\t\t\t<div class=\"elementor-element elementor-element-a7a7fc3 aux-appear-watch-animation aux-fade-in elementor-widget elementor-widget-aux_modern_button\" data-id=\"a7a7fc3\" data-element_type=\"widget\" data-widget_type=\"aux_modern_button.default\">\n\t\t\t\t<div class=\"elementor-widget-container\">\n\t\t\t\t\t    <div class=\"aux-modern-button-wrapper aux-modern-button-align-left\" >\n                    <a class=\"aux-modern-button aux-black aux-modern-button-md aux-modern-button-normal aux-modern-button-default aux-icon-\" href=\"tel:%20(+1)%20786%20647%205225\">\n                <div class=\"aux-overlay\"><\/div>\n                                    <div class=\"aux-icon \">\n                                            <\/div>\n                                <div class=\"aux-text\">\n<span class=\"aux-text-before\">Cont\u00e1ctame<\/span>                <\/div>\n            <\/a>\n            \n    <\/div>\n\n    \t\t\t\t<\/div>\n\t\t\t\t<\/div>\n\t\t\t\t<\/div>\n\t\t\t\t\t<\/div>\n\t\t\t\t<\/div>\n\t\t\t\t<\/div>\n\t\t","protected":false},"excerpt":{"rendered":"<p>El Amor Sana Un Testimonio de Fe y Transformaci\u00f3n Libro &#8220;El Amor Sana&#8221;: Un Testimonio de Fe y Transformaci\u00f3n A lo largo de mi vida, he experimentado el poder sanador del amor de Dios en todas sus formas: en la restauraci\u00f3n f\u00edsica, en la sanaci\u00f3n de heridas emocionales y en la paz que solo la [&hellip;]<\/p>\n","protected":false},"author":1,"featured_media":0,"parent":0,"menu_order":0,"comment_status":"closed","ping_status":"closed","template":"templates\/page-builder-content.php","meta":{"_joinchat":[],"footnotes":""},"class_list":["post-135","page","type-page","status-publish","hentry"],"_links":{"self":[{"href":"https:\/\/ramirezeduardo.com\/index.php?rest_route=\/wp\/v2\/pages\/135","targetHints":{"allow":["GET"]}}],"collection":[{"href":"https:\/\/ramirezeduardo.com\/index.php?rest_route=\/wp\/v2\/pages"}],"about":[{"href":"https:\/\/ramirezeduardo.com\/index.php?rest_route=\/wp\/v2\/types\/page"}],"author":[{"embeddable":true,"href":"https:\/\/ramirezeduardo.com\/index.php?rest_route=\/wp\/v2\/users\/1"}],"replies":[{"embeddable":true,"href":"https:\/\/ramirezeduardo.com\/index.php?rest_route=%2Fwp%2Fv2%2Fcomments&post=135"}],"version-history":[{"count":31,"href":"https:\/\/ramirezeduardo.com\/index.php?rest_route=\/wp\/v2\/pages\/135\/revisions"}],"predecessor-version":[{"id":577,"href":"https:\/\/ramirezeduardo.com\/index.php?rest_route=\/wp\/v2\/pages\/135\/revisions\/577"}],"wp:attachment":[{"href":"https:\/\/ramirezeduardo.com\/index.php?rest_route=%2Fwp%2Fv2%2Fmedia&parent=135"}],"curies":[{"name":"wp","href":"https:\/\/api.w.org\/{rel}","templated":true}]}}