{"id":136,"date":"2020-09-21T11:40:40","date_gmt":"2020-09-21T16:40:40","guid":{"rendered":"https:\/\/ramirezeduardo.com\/?page_id=136"},"modified":"2025-05-07T07:35:48","modified_gmt":"2025-05-07T12:35:48","slug":"perfil","status":"publish","type":"page","link":"https:\/\/ramirezeduardo.com\/?page_id=136","title":{"rendered":"Perfil"},"content":{"rendered":"\t\t<div data-elementor-type=\"wp-page\" data-elementor-id=\"136\" class=\"elementor elementor-136\" data-elementor-post-type=\"page\">\n\t\t\t\t<div class=\"elementor-element elementor-element-60f87ec e-flex e-con-boxed e-con e-parent\" data-id=\"60f87ec\" data-element_type=\"container\">\n\t\t\t\t\t<div class=\"e-con-inner\">\n\t\t\t\t<div class=\"elementor-element elementor-element-b0c3751 elementor-widget__width-auto elementor-widget elementor-widget-aux_simple_svg\" data-id=\"b0c3751\" data-element_type=\"widget\" data-widget_type=\"aux_simple_svg.default\">\n\t\t\t\t<div class=\"elementor-widget-container\">\n\t\t\t\t\t    <div class=\"aux-widget-container aux-simple-svg-container\">\n        <div class=\"aux-widget-container-inner\">\n            <div class=\"aux-the-svg\"><img decoding=\"async\" src=\"https:\/\/ramirezeduardo.com\/wp-content\/uploads\/2020\/09\/Path-2301.png\" title=\"demo-attachment-764-Path-2301\" alt=\"demo-attachment-764-Path-2301\" loading=\"lazy\" \/><\/div>\n        <\/div>\n    <\/div>\n    \t\t\t\t<\/div>\n\t\t\t\t<\/div>\n\t\t<div class=\"elementor-element elementor-element-021cafe e-con-full e-flex e-con e-child\" data-id=\"021cafe\" data-element_type=\"container\">\n\t\t\t\t<div class=\"elementor-element elementor-element-8b3ffdd elementor-widget__width-auto aux-appear-watch-animation aux-slide-from-top elementor-widget elementor-widget-aux_simple_svg\" data-id=\"8b3ffdd\" data-element_type=\"widget\" data-widget_type=\"aux_simple_svg.default\">\n\t\t\t\t<div class=\"elementor-widget-container\">\n\t\t\t\t\t    <div class=\"aux-widget-container aux-simple-svg-container\">\n        <div class=\"aux-widget-container-inner\">\n            <div class=\"aux-the-svg\">\r\n<svg xmlns=\"http:\/\/www.w3.org\/2000\/svg\" width=\"110.801\" height=\"108.421\" viewBox=\"0 0 110.801 108.421\">\r\n  <defs>\r\n    <linearGradient id=\"linear-gradient-5\" x1=\"1.002\" y1=\"0.498\" x2=\"-0.001\" y2=\"0.544\" gradientUnits=\"objectBoundingBox\">\r\n      <stop offset=\"0\" stop-color=\"var(--e-global-color-331eb86)\" \/>\r\n      <stop offset=\"1\" stop-color=\"var(--e-global-color-text)\" \/>\r\n    <\/linearGradient>\r\n  <\/defs>\r\n  <rect id=\"Rectangle_579\" data-name=\"Rectangle 579\" width=\"108.074\" height=\"110.461\" transform=\"matrix(-0.003, 1, -1, -0.003, 110.801, 0.347)\" fill=\"url(#linear-gradient-5)\" \/>\r\n<\/svg>\r\n<\/div>\n        <\/div>\n    <\/div>\n    \t\t\t\t<\/div>\n\t\t\t\t<\/div>\n\t\t<div class=\"elementor-element elementor-element-c37e7a9 e-con-full e-flex e-con e-child\" data-id=\"c37e7a9\" data-element_type=\"container\">\n\t\t<div class=\"elementor-element elementor-element-e95ec59 e-con-full e-flex e-con e-child\" data-id=\"e95ec59\" data-element_type=\"container\">\n\t\t\t\t<div class=\"elementor-element elementor-element-9a2d052 aux-appear-watch-animation aux-slide-from-top elementor-widget elementor-widget-aux_modern_heading\" data-id=\"9a2d052\" data-element_type=\"widget\" data-widget_type=\"aux_modern_heading.default\">\n\t\t\t\t<div class=\"elementor-widget-container\">\n\t\t\t\t\t<section class=\"aux-widget-modern-heading\">\n            <div class=\"aux-widget-inner\"><h2 class=\"aux-modern-heading-primary\">Eduardo Ram\u00edrez \u2013 Mentor y Life Coach <\/h2><h3 class=\"aux-modern-heading-secondary\"><span class=\"aux-head-highlight\">Bienvenido, soy Eduardo Ram\u00edrez<\/span><\/h3><div class=\"aux-modern-heading-description\"><p>Soy mentor y life coach, con una profunda vocaci\u00f3n de servicio y un compromiso firme con la transformaci\u00f3n personal y espiritual. A lo largo de mi trayectoria, he tenido el privilegio de acompa\u00f1ar a personas y familias en su proceso de sanaci\u00f3n emocional, superaci\u00f3n de crisis y recuperaci\u00f3n de la paz interior.<\/p><\/div><\/div>\n        <\/section>\t\t\t\t<\/div>\n\t\t\t\t<\/div>\n\t\t\t\t<div class=\"elementor-element elementor-element-d5dfa08 aux-appear-watch-animation aux-slide-from-bot elementor-widget elementor-widget-aux_icon_list\" data-id=\"d5dfa08\" data-element_type=\"widget\" data-widget_type=\"aux_icon_list.default\">\n\t\t\t\t<div class=\"elementor-widget-container\">\n\t\t\t\t\t<section class=\"widget-container aux-widget-icon-list aux-parent-au0176ed94\"><div class=\"widget-inner\"><div class=\"aux-widget-icon-list-inner\"><ul class=\"aux-icon-list-items aux-direction-default\"><li class=\"aux-icon-list-item aux-list-item-has-icon aux-icon-list-item-2b72680 elementor-repeater-item-2b72680\"><a class=\"aux-icon-list-link\" href=\"tel:%20(+1)%20786%20647%205225\"><span class=\"aux-icon-list-text\">Llama para hacer cualquier consulta<\/span><span class=\"aux-icon-list-text2\">(+1) 786 647 5225<\/span><\/a><\/li><\/ul><\/div><\/div><\/section><!-- widget-container -->\t\t\t\t<\/div>\n\t\t\t\t<\/div>\n\t\t\t\t<div class=\"elementor-element elementor-element-de37220 elementor-widget__width-auto aux-appear-watch-animation aux-mask-from-left elementor-widget elementor-widget-aux_image\" data-id=\"de37220\" data-element_type=\"widget\" data-widget_type=\"aux_image.default\">\n\t\t\t\t<div class=\"elementor-widget-container\">\n\t\t\t\t\t<section class=\"widget-container aux-widget-image aux-alignnone aux-parent-au6fb7f838\">\n    <div class=\"aux-media-hint-frame \">\n        <div class=\"aux-media-image \" >\n        \n            \n\n            \n            <img decoding=\"async\" width=\"249\" height=\"198\" src=\"https:\/\/ramirezeduardo.com\/wp-content\/uploads\/2025\/03\/icono-01-sf.png\" class=\"aux-attachment aux-featured-image aux-attachment-id-229\" alt=\"icono 01 sf\" data-ratio=\"1.26\" data-original-w=\"249\" \/>            \n                <\/div>\n    <\/div>\n\n<\/section><!-- widget-container -->\t\t\t\t<\/div>\n\t\t\t\t<\/div>\n\t\t\t\t<\/div>\n\t\t<div class=\"elementor-element elementor-element-e55c4d7 e-con-full e-flex e-con e-child\" data-id=\"e55c4d7\" data-element_type=\"container\">\n\t\t\t\t<div class=\"elementor-element elementor-element-076b74c elementor-widget__width-auto aux-appear-watch-animation aux-fade-in-up-1 elementor-widget-mobile__width-initial elementor-widget elementor-widget-aux_simple_svg\" data-id=\"076b74c\" data-element_type=\"widget\" data-widget_type=\"aux_simple_svg.default\">\n\t\t\t\t<div class=\"elementor-widget-container\">\n\t\t\t\t\t    <div class=\"aux-widget-container aux-simple-svg-container\">\n        <div class=\"aux-widget-container-inner\">\n            <div class=\"aux-the-svg\">\r\n<svg xmlns=\"http:\/\/www.w3.org\/2000\/svg\" width=\"110.736\" height=\"108.074\" viewBox=\"0 0 110.736 108.074\">\r\n  <defs>\r\n    <linearGradient id=\"linear-gradient-3\" x1=\"0.5\" x2=\"0.5\" y2=\"1\" gradientUnits=\"objectBoundingBox\">\r\n      <stop offset=\"0\" stop-color=\"var(--e-global-color-primary)\" \/>\r\n      <stop offset=\"1\" stop-color=\"var(--e-global-color-d762115)\" \/>\r\n    <\/linearGradient>\r\n  <\/defs>\r\n  <path id=\"Path_2300\" d=\"M428.974,286.314l.352-108.074h-3.913A107.253,107.253,0,0,0,318.591,285.962h0Z\" transform=\"translate(-318.59 -178.24)\" fill=\"url(#linear-gradient-3)\" \/>\r\n<\/svg>\r\n<\/div>\n        <\/div>\n    <\/div>\n    \t\t\t\t<\/div>\n\t\t\t\t<\/div>\n\t\t\t\t<div class=\"elementor-element elementor-element-572f876 elementor-widget__width-auto aux-appear-watch-animation aux-fade-in-up-1 elementor-widget-mobile__width-initial elementor-widget elementor-widget-aux_simple_svg\" data-id=\"572f876\" data-element_type=\"widget\" data-widget_type=\"aux_simple_svg.default\">\n\t\t\t\t<div class=\"elementor-widget-container\">\n\t\t\t\t\t    <div class=\"aux-widget-container aux-simple-svg-container\">\n        <div class=\"aux-widget-container-inner\">\n            <div class=\"aux-the-svg\">\r\n<svg xmlns=\"http:\/\/www.w3.org\/2000\/svg\" width=\"110.801\" height=\"108.421\" viewBox=\"0 0 110.801 108.421\">\r\n  <defs>\r\n    <linearGradient id=\"linear-gradient-2\" x1=\"1.002\" y1=\"0.498\" x2=\"-0.001\" y2=\"0.544\" gradientUnits=\"objectBoundingBox\">\r\n      <stop offset=\"0\" stop-color=\"var(--e-global-color-b291146)\" \/>\r\n      <stop offset=\"1\" stop-color=\"var(--e-global-color-4ba5b4b)\" \/>\r\n    <\/linearGradient>\r\n  <\/defs>\r\n  <rect id=\"Rectangle_578\" data-name=\"Rectangle 578\" width=\"108.074\" height=\"110.461\" transform=\"matrix(-0.003, 1, -1, -0.003, 110.801, 0.347)\" fill=\"url(#linear-gradient-2)\" \/>\r\n<\/svg>\r\n<\/div>\n        <\/div>\n    <\/div>\n    \t\t\t\t<\/div>\n\t\t\t\t<\/div>\n\t\t\t\t<div class=\"elementor-element elementor-element-2d5438f elementor-widget__width-auto aux-appear-watch-animation aux-fade-in-left-1 elementor-widget elementor-widget-aux_image\" data-id=\"2d5438f\" data-element_type=\"widget\" data-widget_type=\"aux_image.default\">\n\t\t\t\t<div class=\"elementor-widget-container\">\n\t\t\t\t\t<section class=\"widget-container aux-widget-image aux-alignnone aux-parent-au7fb3d769\">\n    <div class=\"aux-media-hint-frame \">\n        <div class=\"aux-media-image \" >\n        \n            \n\n            \n            <img fetchpriority=\"high\" decoding=\"async\" width=\"701\" height=\"687\" src=\"https:\/\/ramirezeduardo.com\/wp-content\/uploads\/2025\/03\/perfil.png\" class=\"aux-attachment aux-featured-image aux-attachment-id-408\" alt=\"perfil\" data-ratio=\"1.02\" data-original-w=\"701\" \/>            \n                <\/div>\n    <\/div>\n\n<\/section><!-- widget-container -->\t\t\t\t<\/div>\n\t\t\t\t<\/div>\n\t\t\t\t<div class=\"aux-scroll-anim elementor-element elementor-element-20c480b elementor-widget__width-auto elementor-widget-mobile__width-initial elementor-widget elementor-widget-aux_simple_svg\" data-move-in=\"moveVertical\" data-move-out=\"moveVertical\" data-axis-x=\"200\" data-axis-y=\"50\" data-rotate=\"90\" data-scale=\"1\" data-vp-top=\"0.5\" data-vp-bot=\"0.5\" data-el-top=\"0.2\" data-scroll-animation-off=\"1024\" data-id=\"20c480b\" data-element_type=\"widget\" data-widget_type=\"aux_simple_svg.default\">\n\t\t\t\t<div class=\"elementor-widget-container\">\n\t\t\t\t\t    <div class=\"aux-widget-container aux-simple-svg-container\">\n        <div class=\"aux-widget-container-inner\">\n            <div class=\"aux-the-svg\"><img decoding=\"async\" src=\"https:\/\/ramirezeduardo.com\/wp-content\/uploads\/2020\/09\/Group-148.svg\" title=\"demo-attachment-318-Group-148\" alt=\"demo-attachment-318-Group-148\" loading=\"lazy\" \/><\/div>\n        <\/div>\n    <\/div>\n    \t\t\t\t<\/div>\n\t\t\t\t<\/div>\n\t\t\t\t<div class=\"elementor-element elementor-element-19326c2 elementor-widget__width-auto aux-appear-watch-animation aux-fade-in-left-1 elementor-widget-mobile__width-initial elementor-widget elementor-widget-aux_simple_svg\" data-id=\"19326c2\" data-element_type=\"widget\" data-widget_type=\"aux_simple_svg.default\">\n\t\t\t\t<div class=\"elementor-widget-container\">\n\t\t\t\t\t    <div class=\"aux-widget-container aux-simple-svg-container\">\n        <div class=\"aux-widget-container-inner\">\n            <div class=\"aux-the-svg\">\r\n<svg xmlns=\"http:\/\/www.w3.org\/2000\/svg\" width=\"110.736\" height=\"108.074\" viewBox=\"0 0 110.736 108.074\">\r\n  <defs>\r\n    <linearGradient id=\"linear-gradient-4\" x1=\"1.002\" y1=\"0.498\" x2=\"-0.001\" y2=\"0.544\" gradientUnits=\"objectBoundingBox\">\r\n      <stop offset=\"0\" stop-color=\"var(--e-global-color-b291146)\" \/>\r\n      <stop offset=\"1\" stop-color=\"var(--e-global-color-4ba5b4b)\" \/>\r\n    <\/linearGradient>\r\n  <\/defs>\r\n  <path id=\"Path_2296\" d=\"M428.974,178.24l.352,108.074h-3.913A107.253,107.253,0,0,1,318.591,178.592h0Z\" transform=\"translate(-318.59 -178.24)\" fill=\"url(#linear-gradient-4)\" \/>\r\n<\/svg>\r\n<\/div>\n        <\/div>\n    <\/div>\n    \t\t\t\t<\/div>\n\t\t\t\t<\/div>\n\t\t\t\t<\/div>\n\t\t\t\t<\/div>\n\t\t\t\t<\/div>\n\t\t\t\t\t<\/div>\n\t\t\t\t<\/div>\n\t\t<div class=\"elementor-element elementor-element-d40ba33 e-flex e-con-boxed e-con e-parent\" data-id=\"d40ba33\" data-element_type=\"container\">\n\t\t\t\t\t<div class=\"e-con-inner\">\n\t\t<div class=\"elementor-element elementor-element-552ddb0 e-con-full e-flex e-con e-child\" data-id=\"552ddb0\" data-element_type=\"container\" data-settings=\"{&quot;background_background&quot;:&quot;gradient&quot;}\">\n\t\t\t\t<div class=\"elementor-element elementor-element-e3b9e4c elementor-widget__width-auto aux-appear-watch-animation aux-slide-from-left elementor-widget elementor-widget-aux_simple_svg\" data-id=\"e3b9e4c\" data-element_type=\"widget\" data-widget_type=\"aux_simple_svg.default\">\n\t\t\t\t<div class=\"elementor-widget-container\">\n\t\t\t\t\t    <div class=\"aux-widget-container aux-simple-svg-container\">\n        <div class=\"aux-widget-container-inner\">\n            <div class=\"aux-the-svg\"><img decoding=\"async\" src=\"https:\/\/ramirezeduardo.com\/wp-content\/uploads\/2020\/09\/Path-2324.png\" title=\"demo-attachment-307-Path-2324\" alt=\"demo-attachment-307-Path-2324\" loading=\"lazy\" \/><\/div>\n        <\/div>\n    <\/div>\n    \t\t\t\t<\/div>\n\t\t\t\t<\/div>\n\t\t\t\t<\/div>\n\t\t\t\t\t<\/div>\n\t\t\t\t<\/div>\n\t\t<div class=\"elementor-element elementor-element-848e786 e-flex e-con-boxed e-con e-parent\" data-id=\"848e786\" data-element_type=\"container\">\n\t\t\t\t\t<div class=\"e-con-inner\">\n\t\t\t\t<div class=\"elementor-element elementor-element-96a6898 elementor-widget elementor-widget-heading\" data-id=\"96a6898\" data-element_type=\"widget\" data-widget_type=\"heading.default\">\n\t\t\t\t<div class=\"elementor-widget-container\">\n\t\t\t\t\t<h2 class=\"elementor-heading-title elementor-size-default\">C\u00f3mo puedo ayudarte<\/h2>\t\t\t\t<\/div>\n\t\t\t\t<\/div>\n\t\t\t\t<div class=\"elementor-element elementor-element-c6857c9 elementor-widget elementor-widget-text-editor\" data-id=\"c6857c9\" data-element_type=\"widget\" data-widget_type=\"text-editor.default\">\n\t\t\t\t<div class=\"elementor-widget-container\">\n\t\t\t\t\t\t\t\t\t<p data-spm-anchor-id=\"2b75ac3d.51d954c6.0.i40.c614c921z1ac4z\">Mi enfoque est\u00e1 dise\u00f1ado para abordar desaf\u00edos emocionales, espirituales y relacionales que afectan tu bienestar. Trabajo en \u00e1reas como:<\/p><ol><li>Manejo de la ira y resoluci\u00f3n de conflictos<\/li><li>Ansiedad, depresi\u00f3n y angustia cr\u00f3nica<\/li><li>Trastornos del sue\u00f1o y estr\u00e9s emocional<\/li><li>Adicciones y comportamientos compulsivos<\/li><li data-spm-anchor-id=\"2b75ac3d.51d954c6.0.i38.c614c921z1ac4z\">Fortalecimiento de relaciones de pareja y familiares<\/li><\/ol><div class=\"my-2\">\u00a0<\/div><p>A trav\u00e9s de sesiones personalizadas, combino estrategias de life coaching con principios de fe, reconociendo que la verdadera sanaci\u00f3n abarca mente, cuerpo y esp\u00edritu. Mi objetivo es brindarte herramientas pr\u00e1cticas para identificar las ra\u00edces del malestar, gestionar tus emociones y desarrollar h\u00e1bitos que te conduzcan a una vida m\u00e1s plena y equilibrada.<\/p>\t\t\t\t\t\t\t\t<\/div>\n\t\t\t\t<\/div>\n\t\t\t\t\t<\/div>\n\t\t\t\t<\/div>\n\t\t<div class=\"elementor-element elementor-element-6f1e904 e-flex e-con-boxed e-con e-parent\" data-id=\"6f1e904\" data-element_type=\"container\">\n\t\t\t\t\t<div class=\"e-con-inner\">\n\t\t\t\t<div class=\"elementor-element elementor-element-7397cc9 elementor-widget elementor-widget-heading\" data-id=\"7397cc9\" data-element_type=\"widget\" data-widget_type=\"heading.default\">\n\t\t\t\t<div class=\"elementor-widget-container\">\n\t\t\t\t\t<h2 class=\"elementor-heading-title elementor-size-default\">Mi prop\u00f3sito<\/h2>\t\t\t\t<\/div>\n\t\t\t\t<\/div>\n\t\t\t\t<div class=\"elementor-element elementor-element-043ffc3 elementor-widget elementor-widget-text-editor\" data-id=\"043ffc3\" data-element_type=\"widget\" data-widget_type=\"text-editor.default\">\n\t\t\t\t<div class=\"elementor-widget-container\">\n\t\t\t\t\t\t\t\t\t<p data-spm-anchor-id=\"2b75ac3d.51d954c6.0.i45.c614c921z1ac4z\">Creo firmemente que cada herida tiene un prop\u00f3sito y que la sanaci\u00f3n emocional es posible cuando abrimos nuestro coraz\u00f3n al amor de Dios. Mi misi\u00f3n es ser un puente en tu camino hacia la restauraci\u00f3n, gui\u00e1ndote con empat\u00eda, sabidur\u00eda y principios para construir una vida basada en el respeto, el amor y la armon\u00eda.<\/p><div class=\"my-2\">\u00a0<\/div><p data-spm-anchor-id=\"2b75ac3d.51d954c6.0.i44.c614c921z1ac4z\">Adem\u00e1s de mi labor individual, he trabajado en la formaci\u00f3n y orientaci\u00f3n de comunidades, impartiendo talleres, conferencias y programas de desarrollo humano en diversas instituciones. Mi prop\u00f3sito es que encuentres en este espacio un camino de transformaci\u00f3n real y duradero.<\/p>\t\t\t\t\t\t\t\t<\/div>\n\t\t\t\t<\/div>\n\t\t\t\t\t<\/div>\n\t\t\t\t<\/div>\n\t\t<div class=\"elementor-element elementor-element-1cf2c7f e-flex e-con-boxed e-con e-parent\" data-id=\"1cf2c7f\" data-element_type=\"container\">\n\t\t\t\t\t<div class=\"e-con-inner\">\n\t\t\t\t<div class=\"elementor-element elementor-element-e3d563f elementor-widget elementor-widget-heading\" data-id=\"e3d563f\" data-element_type=\"widget\" data-widget_type=\"heading.default\">\n\t\t\t\t<div class=\"elementor-widget-container\">\n\t\t\t\t\t<h2 class=\"elementor-heading-title elementor-size-default\">\u00bfEst\u00e1s listo para dar el primer paso?<\/h2>\t\t\t\t<\/div>\n\t\t\t\t<\/div>\n\t\t\t\t<div class=\"elementor-element elementor-element-1dd741c elementor-widget elementor-widget-text-editor\" data-id=\"1dd741c\" data-element_type=\"widget\" data-widget_type=\"text-editor.default\">\n\t\t\t\t<div class=\"elementor-widget-container\">\n\t\t\t\t\t\t\t\t\t<p data-spm-anchor-id=\"2b75ac3d.51d954c6.0.i49.c614c921z1ac4z\">Si sientes que es momento de sanar heridas, fortalecer v\u00ednculos o simplemente avanzar hacia una versi\u00f3n mejor de ti mismo, estoy aqu\u00ed para acompa\u00f1arte. Juntos descubriremos el prop\u00f3sito en tu historia y construiremos un futuro lleno de esperanza y libertad.<\/p><div class=\"my-2\">\u00a0<\/div><p data-spm-anchor-id=\"2b75ac3d.51d954c6.0.i48.c614c921z1ac4z\"><strong>Cont\u00e1ctame hoy y comencemos juntos este viaje de transformaci\u00f3n.<\/strong><\/p>\t\t\t\t\t\t\t\t<\/div>\n\t\t\t\t<\/div>\n\t\t\t\t\t<\/div>\n\t\t\t\t<\/div>\n\t\t\t\t<\/div>\n\t\t","protected":false},"excerpt":{"rendered":"<p>Eduardo Ram\u00edrez \u2013 Mentor y Life Coach Bienvenido, soy Eduardo Ram\u00edrez Soy mentor y life coach, con una profunda vocaci\u00f3n de servicio y un compromiso firme con la transformaci\u00f3n personal y espiritual. A lo largo de mi trayectoria, he tenido el privilegio de acompa\u00f1ar a personas y familias en su proceso de sanaci\u00f3n emocional, superaci\u00f3n [&hellip;]<\/p>\n","protected":false},"author":1,"featured_media":0,"parent":0,"menu_order":0,"comment_status":"closed","ping_status":"closed","template":"templates\/page-builder-content.php","meta":{"_joinchat":[],"footnotes":""},"class_list":["post-136","page","type-page","status-publish","hentry"],"_links":{"self":[{"href":"https:\/\/ramirezeduardo.com\/index.php?rest_route=\/wp\/v2\/pages\/136","targetHints":{"allow":["GET"]}}],"collection":[{"href":"https:\/\/ramirezeduardo.com\/index.php?rest_route=\/wp\/v2\/pages"}],"about":[{"href":"https:\/\/ramirezeduardo.com\/index.php?rest_route=\/wp\/v2\/types\/page"}],"author":[{"embeddable":true,"href":"https:\/\/ramirezeduardo.com\/index.php?rest_route=\/wp\/v2\/users\/1"}],"replies":[{"embeddable":true,"href":"https:\/\/ramirezeduardo.com\/index.php?rest_route=%2Fwp%2Fv2%2Fcomments&post=136"}],"version-history":[{"count":91,"href":"https:\/\/ramirezeduardo.com\/index.php?rest_route=\/wp\/v2\/pages\/136\/revisions"}],"predecessor-version":[{"id":797,"href":"https:\/\/ramirezeduardo.com\/index.php?rest_route=\/wp\/v2\/pages\/136\/revisions\/797"}],"wp:attachment":[{"href":"https:\/\/ramirezeduardo.com\/index.php?rest_route=%2Fwp%2Fv2%2Fmedia&parent=136"}],"curies":[{"name":"wp","href":"https:\/\/api.w.org\/{rel}","templated":true}]}}